{"id":279,"date":"2018-01-07T11:58:30","date_gmt":"2018-01-07T09:58:30","guid":{"rendered":"http:\/\/caven.roxomatix.de\/?page_id=279"},"modified":"2018-01-15T21:31:20","modified_gmt":"2018-01-15T19:31:20","slug":"der-abendstern","status":"publish","type":"page","link":"https:\/\/ingridcaven.info\/en\/musik\/der-abendstern\/","title":{"rendered":"Der Abendstern"},"content":{"rendered":"<p>Singer and Producer: Ingrid Caven<br \/>\nArrangements: Peer Raben<br \/>\nRecorded in July 1979 \u2013 Studio Meilhaus, Munich<br \/>\nAudio Engineering, Mix: Robert Meilhaus<br \/>\nOrchestra under the direction of Peer Raben<br \/>\nCD released by <img loading=\"lazy\" decoding=\"async\" src=\"http:\/\/ingridcaven.info\/images\/_icon_viellieb.gif\" alt=\"vielliebrekords\" width=\"16\" height=\"16\" align=\"absmiddle\" \/> <a href=\"http:\/\/www.vielliebrekords.de\/\" target=\"_blank\" rel=\"noopener\">vielliebrekords<\/a><\/p>\n<p>Total time: 35&#8217;47<\/p>\n<table class=\"top\" style=\"height: 1496px;\" border=\"0\" width=\"655\" cellspacing=\"0\" cellpadding=\"0\">\n<tbody>\n<tr>\n<td width=\"27\"><strong>nr. <\/strong><\/td>\n<td width=\"283\"><strong>title<\/strong><\/td>\n<td width=\"41\"><\/td>\n<td width=\"75\">\n<div align=\"center\"><strong>sound clip<\/strong><\/div>\n<\/td>\n<\/tr>\n<tr>\n<td valign=\"top\">1<\/td>\n<td valign=\"top\">Der Abendstern \u2013 Instrumental<br \/>\n<i>(Peer Raben)<\/i><\/td>\n<td valign=\"top\"><\/td>\n<td valign=\"top\">\n<div align=\"center\"><\/div>\n<\/td>\n<\/tr>\n<tr>\n<td valign=\"top\">2<\/td>\n<td valign=\"top\">Der Ozelot (3&#8217;12)<br \/>\n<i>(H.M. Enzensberger \/ P.Raben \/ D.Ambach)<\/i><\/td>\n<td valign=\"top\"><\/td>\n<td valign=\"top\">\n<div align=\"center\"><\/div>\n<\/td>\n<\/tr>\n<tr>\n<td valign=\"top\">3<\/td>\n<td valign=\"top\">Das kleine Hotel (2&#8217;18)<br \/>\n<i>(H.M. Enzensberger \/ P.Raben \/ D.Ambach)<\/i><\/td>\n<td valign=\"top\"><\/td>\n<td valign=\"top\">\n<div align=\"center\"><\/div>\n<\/td>\n<\/tr>\n<tr>\n<td valign=\"top\">4<\/td>\n<td valign=\"top\">Nachmittag mit Wolken (2&#8217;01)<br \/>\n<i>(H.M. Enzensberger \/ P.Raben \/ D.Ambach)<\/i><\/td>\n<td valign=\"top\"><\/td>\n<td valign=\"top\">\n<div align=\"center\"><\/div>\n<\/td>\n<\/tr>\n<tr>\n<td valign=\"top\">5<\/td>\n<td valign=\"top\">In 10 Sekunden ist alles vorbei (4&#8217;18)<i><br \/>\n(H.M. Enzensberger \/ P.Raben \/ D.Ambach)<\/i><\/td>\n<td valign=\"top\"><\/td>\n<td valign=\"top\">\n<div align=\"center\"><a title=\"Anspielen\" href=\"http:\/\/ingridcaven.info\/music\/ingrid_caven_in_zehn_sekunden_ist.mp3\" target=\"_blank\" rel=\"noopener\"><img decoding=\"async\" src=\"http:\/\/ingridcaven.info\/images\/_btn_music.gif\" alt=\"Anspielen\" border=\"0\" \/><\/a><\/div>\n<\/td>\n<\/tr>\n<tr>\n<td valign=\"top\">6<\/td>\n<td valign=\"top\">Bundeswalzer (2&#8217;14)<i><br \/>\n(H.M. Enzensberger \/ P.Raben \/ D.Ambach)<\/i><\/td>\n<td valign=\"top\"><\/td>\n<td valign=\"top\">\n<div align=\"center\"><a title=\"Anspielen\" href=\"http:\/\/ingridcaven.info\/music\/ingrid_caven_bundeswalzer.mp3\" target=\"_blank\" rel=\"noopener\"><img decoding=\"async\" src=\"http:\/\/ingridcaven.info\/images\/_btn_music.gif\" alt=\"Anspielen\" border=\"0\" \/><\/a><\/div>\n<\/td>\n<\/tr>\n<tr>\n<td valign=\"top\">7<\/td>\n<td valign=\"top\">Die gro\u00dfen wei\u00dfen V\u00f6gel (3&#8217;12)<br \/>\n<i>(Raben \/ Beethoven \/ Boyer \/ Raben \/ Ambach \/ Degeyter \/ Verdi)<\/i><\/td>\n<td valign=\"top\"><\/td>\n<td valign=\"top\">\n<div align=\"center\"><a title=\"Anspielen\" href=\"http:\/\/ingridcaven.info\/music\/ingrid_caven_die_grossen_weissen.mp3\" target=\"_blank\" rel=\"noopener\"><img decoding=\"async\" src=\"http:\/\/ingridcaven.info\/images\/_btn_music.gif\" alt=\"Anspielen\" border=\"0\" \/><\/a><\/div>\n<\/td>\n<\/tr>\n<tr>\n<td valign=\"top\">8<\/td>\n<td valign=\"top\">Die Frau in schwarz (4&#8217;50)<br \/>\n<i>(H.M. Enzensberger \/ P.Raben \/ D.Ambach)<\/i><\/td>\n<td valign=\"top\"><\/td>\n<td valign=\"top\">\n<div align=\"center\"><a title=\"Anspielen\" href=\"http:\/\/ingridcaven.info\/music\/ingrid_caven_frau_in_schwarz.mp3\" target=\"_blank\" rel=\"noopener\"><img decoding=\"async\" src=\"http:\/\/ingridcaven.info\/images\/_btn_music.gif\" alt=\"Anspielen\" border=\"0\" \/><\/a><\/div>\n<\/td>\n<\/tr>\n<tr>\n<td valign=\"top\">9<\/td>\n<td valign=\"top\">Der Andere (2&#8217;06)<i><br \/>\n(Wolf Wondratschek \/ P.Raben \/ D.Ambach)<\/i><\/td>\n<td valign=\"top\"><\/td>\n<td valign=\"top\">\n<div align=\"center\"><\/div>\n<\/td>\n<\/tr>\n<tr>\n<td valign=\"top\">10<\/td>\n<td valign=\"top\">Zimmer in Paris (1&#8217;50)<br \/>\n<i>(Wolf Wondratschek \/ P.Raben \/ D.Ambach)<\/i><\/td>\n<td valign=\"top\"><\/td>\n<td valign=\"top\">\n<div align=\"center\"><\/div>\n<\/td>\n<\/tr>\n<tr>\n<td valign=\"top\">11<\/td>\n<td valign=\"top\">Ich bin was Du vergessen hast (2&#8217;35)<i><br \/>\n(H.M. Enzensberger \/ P.Raben \/ D.Ambach)<\/i><\/td>\n<td valign=\"top\"><\/td>\n<td valign=\"top\">\n<div align=\"center\"><\/div>\n<\/td>\n<\/tr>\n<tr>\n<td valign=\"top\">12<\/td>\n<td valign=\"top\">Die M\u00e4nner mit den hellen H\u00fcten (2&#8217;45)<i><br \/>\n(H.M. Enzensberger \/ P.Raben \/ D.Ambach)<\/i><\/td>\n<td valign=\"top\">\n<div align=\"center\"><\/div>\n<\/td>\n<td valign=\"top\">\n<div align=\"center\"><\/div>\n<\/td>\n<\/tr>\n<tr>\n<td valign=\"top\">13<\/td>\n<td valign=\"top\">Kinderlied (2&#8217;12)<i><br \/>\n(Reinert \/ P.Raben \/ D.Ambach)<\/i><\/td>\n<td valign=\"top\">\n<div align=\"center\"><\/div>\n<\/td>\n<td valign=\"top\">\n<div align=\"center\"><\/div>\n<\/td>\n<\/tr>\n<tr>\n<td valign=\"top\">14<\/td>\n<td valign=\"top\">Der Abendstern (1&#8217;42)<i><br \/>\n(H.M. Enzensberger \/ P.Raben \/ D.Ambach)<\/i><\/td>\n<td valign=\"top\">\n<div align=\"center\"><\/div>\n<\/td>\n<\/tr>\n<\/tbody>\n<\/table>\n","protected":false},"excerpt":{"rendered":"<p>Singer and Producer: Ingrid Caven Arrangements: Peer Raben Recorded in July 1979 \u2013 Studio Meilhaus, Munich Audio Engineering, Mix: Robert Meilhaus Orchestra under the direction of Peer Raben CD released&hellip;<\/p>\n<div class=\"read-more-wrap\"><a class=\"read-more\" href=\"https:\/\/ingridcaven.info\/en\/musik\/der-abendstern\/\">Read More<\/a><\/div>\n","protected":false},"author":1,"featured_media":0,"parent":230,"menu_order":0,"comment_status":"closed","ping_status":"closed","template":"","meta":{"footnotes":""},"class_list":["post-279","page","type-page","status-publish","hentry"],"translation":{"provider":"WPGlobus","version":"2.12.2","language":"en","enabled_languages":["de","fr","en"],"languages":{"de":{"title":true,"content":true,"excerpt":false},"fr":{"title":true,"content":true,"excerpt":false},"en":{"title":true,"content":true,"excerpt":false}}},"_links":{"self":[{"href":"https:\/\/ingridcaven.info\/en\/wp-json\/wp\/v2\/pages\/279","targetHints":{"allow":["GET"]}}],"collection":[{"href":"https:\/\/ingridcaven.info\/en\/wp-json\/wp\/v2\/pages"}],"about":[{"href":"https:\/\/ingridcaven.info\/en\/wp-json\/wp\/v2\/types\/page"}],"author":[{"embeddable":true,"href":"https:\/\/ingridcaven.info\/en\/wp-json\/wp\/v2\/users\/1"}],"replies":[{"embeddable":true,"href":"https:\/\/ingridcaven.info\/en\/wp-json\/wp\/v2\/comments?post=279"}],"version-history":[{"count":6,"href":"https:\/\/ingridcaven.info\/en\/wp-json\/wp\/v2\/pages\/279\/revisions"}],"predecessor-version":[{"id":381,"href":"https:\/\/ingridcaven.info\/en\/wp-json\/wp\/v2\/pages\/279\/revisions\/381"}],"up":[{"embeddable":true,"href":"https:\/\/ingridcaven.info\/en\/wp-json\/wp\/v2\/pages\/230"}],"wp:attachment":[{"href":"https:\/\/ingridcaven.info\/en\/wp-json\/wp\/v2\/media?parent=279"}],"curies":[{"name":"wp","href":"https:\/\/api.w.org\/{rel}","templated":true}]}}