{"id":282,"date":"2018-01-07T12:00:04","date_gmt":"2018-01-07T10:00:04","guid":{"rendered":"http:\/\/caven.roxomatix.de\/?page_id=282"},"modified":"2018-01-15T21:36:42","modified_gmt":"2018-01-15T19:36:42","slug":"ingrid-caven-live-in-hamburg","status":"publish","type":"page","link":"https:\/\/ingridcaven.info\/en\/musik\/ingrid-caven-live-in-hamburg\/","title":{"rendered":"Ingrid Caven live in Hamburg"},"content":{"rendered":"<p>Singer: Ingrid Caven<br \/>\nProduction: Mediaton, Munich, 1980<br \/>\nArranged by Peer Raben<br \/>\nIngrid Caven is accompanied by:<br \/>\nPiano: Mladen Franko<br \/>\nViolin: Ferenc Kiss<br \/>\nSaxophone, Flute: Frank Loef<\/p>\n<p>Recording of a concert at Audimax Hamburg on May 09, 1980<\/p>\n<p>The LP is not available anymore.<\/p>\n<p>Total time: 32&#8217;49<\/p>\n<table class=\"top\" border=\"0\" width=\"426\" cellspacing=\"0\" cellpadding=\"0\">\n<tbody>\n<tr>\n<td width=\"27\"><strong>nr. <\/strong><\/td>\n<td width=\"286\"><strong>title<\/strong><\/td>\n<td width=\"36\"><\/td>\n<td width=\"77\">\n<div align=\"center\"><strong>sound clip<\/strong><\/div>\n<\/td>\n<\/tr>\n<tr>\n<td valign=\"top\">1<\/td>\n<td valign=\"top\">Hommage an Schubert \u2013 <em>Instrumental (1&#8217;11)<br \/>\n(Schubert &#8211; Peer Raben) <\/em><\/td>\n<td valign=\"top\"><\/td>\n<td valign=\"top\">\n<div align=\"center\"><\/div>\n<\/td>\n<\/tr>\n<tr>\n<td valign=\"top\">2<\/td>\n<td valign=\"top\">Das kleine Hotel (2&#8217;13)<br \/>\n<em>(H.M. Enzensberger \/ P.Raben \/ D.Ambach) <\/em><\/td>\n<td valign=\"top\"><\/td>\n<td valign=\"top\">\n<div align=\"center\"><a title=\"Anspielen\" href=\"http:\/\/ingridcaven.info\/music\/ingrid_caven_das_kleine_hotel.mp3\" target=\"_blank\" rel=\"noopener\"><img decoding=\"async\" src=\"http:\/\/ingridcaven.info\/images\/_btn_music.gif\" alt=\"Anspielen\" border=\"0\" \/><\/a><\/div>\n<\/td>\n<\/tr>\n<tr>\n<td valign=\"top\">3<\/td>\n<td valign=\"top\">Akne Vulgaris (3&#8217;38)<br \/>\n<em>(Fassbinder \/ Raben)<\/em><\/td>\n<td valign=\"top\"><\/td>\n<td valign=\"top\">\n<div align=\"center\"><a title=\"Anspielen\" href=\"http:\/\/ingridcaven.info\/music\/ingrid_caven_akne_vulgaris.mp3\" target=\"_blank\" rel=\"noopener\"><img decoding=\"async\" src=\"http:\/\/ingridcaven.info\/images\/_btn_music.gif\" alt=\"Anspielen\" border=\"0\" \/><\/a><\/div>\n<\/td>\n<\/tr>\n<tr>\n<td valign=\"top\">4<\/td>\n<td valign=\"top\">Ecce virgo (2&#8217;06)<br \/>\n<em>(Jesaias \/ P.Raben \/ D.Ambach) <\/em><\/td>\n<td valign=\"top\"><\/td>\n<td valign=\"top\"><\/td>\n<\/tr>\n<tr>\n<td valign=\"top\">5<\/td>\n<td valign=\"top\">In 10 Sekunden ist alles vorbei (4&#8217;12)<br \/>\n<em>(H.M. Enzensberger \/ P.Raben \/ D.Ambach) <\/em><\/td>\n<td valign=\"top\">\n<div align=\"center\"><\/div>\n<\/td>\n<td valign=\"top\">\n<div align=\"center\"><\/div>\n<\/td>\n<\/tr>\n<tr>\n<td valign=\"top\">6<\/td>\n<td valign=\"top\">C&#8217;est peut-\u00eatre \u00e7\u00e0 (2&#8217;41)<br \/>\n<em>(Vaucaire \/ Dumont) <\/em><\/td>\n<td valign=\"top\"><\/td>\n<td valign=\"top\">\n<div align=\"center\"><\/div>\n<\/td>\n<\/tr>\n<tr>\n<td valign=\"top\">7<\/td>\n<td valign=\"top\">Polaroid-Cocain (4&#8217;30)<br \/>\n<em>(Jean-Jacques Schuhl* \/ Peer Raben \/ D.Ambach)<\/em><\/td>\n<td valign=\"top\"><\/td>\n<td valign=\"top\">\n<div align=\"center\"><\/div>\n<\/td>\n<\/tr>\n<tr>\n<td valign=\"top\">8<\/td>\n<td valign=\"top\">C\u00e9ramic-Hotel** (3&#8217;14)<br \/>\n<em>(Jean-Jacques Schuhl \/ Peer Raben \/ D.Ambach)<\/em><\/td>\n<td valign=\"top\"><\/td>\n<td valign=\"top\">\n<div align=\"center\"><a title=\"Anspielen\" href=\"http:\/\/ingridcaven.info\/music\/ingrid_caven_ceramic_hotel.mp3\" target=\"_blank\" rel=\"noopener\"><img decoding=\"async\" src=\"http:\/\/ingridcaven.info\/images\/_btn_music.gif\" alt=\"Anspielen\" border=\"0\" \/><\/a><\/div>\n<\/td>\n<\/tr>\n<tr>\n<td valign=\"top\">9<\/td>\n<td valign=\"top\">Mabel in Babel*** (1&#8217;48)<br \/>\n<em>(Ingrid Caven \/ Peer Raben \/ D.Ambach) <\/em><\/td>\n<td valign=\"top\"><\/td>\n<td valign=\"top\">\n<div align=\"center\"><\/div>\n<\/td>\n<\/tr>\n<tr>\n<td valign=\"top\">10<\/td>\n<td valign=\"top\">Ave Maria (3&#8217;10)<br \/>\n(Bach \/ Gounod)<\/td>\n<td valign=\"top\"><\/td>\n<td valign=\"top\">\n<div align=\"center\"><a title=\"Anspielen\" href=\"http:\/\/ingridcaven.info\/music\/ingrid_caven_ave_maria.mp3\" target=\"_blank\" rel=\"noopener\"><img decoding=\"async\" src=\"http:\/\/ingridcaven.info\/images\/_btn_music.gif\" alt=\"Anspielen\" border=\"0\" \/><\/a><\/div>\n<\/td>\n<\/tr>\n<tr>\n<td valign=\"top\">11<\/td>\n<td valign=\"top\">Die Capri-Fischer (4&#8217;06)<br \/>\n<em>(R.M. Siegel \/ G. Winkler) <\/em><\/td>\n<td valign=\"top\"><\/td>\n<td valign=\"top\">\n<div align=\"center\"><a title=\"Anspielen\" href=\"http:\/\/ingridcaven.info\/music\/ingrid_caven_capri_fischer.mp3\" target=\"_blank\" rel=\"noopener\"><img decoding=\"async\" src=\"http:\/\/ingridcaven.info\/images\/_btn_music.gif\" alt=\"Anspielen\" border=\"0\" \/><\/a><\/div>\n<\/td>\n<\/tr>\n<\/tbody>\n<\/table>\n<p>* german translation: Peer Raben<br \/>\n** also known as \u201cZimmer 1050\u201d<br \/>\n*** from the film: \u201cLooping, der lange Traum vom kurzen Gl\u00fcck\u201d<\/p>\n","protected":false},"excerpt":{"rendered":"<p>Singer: Ingrid Caven Production: Mediaton, Munich, 1980 Arranged by Peer Raben Ingrid Caven is accompanied by: Piano: Mladen Franko Violin: Ferenc Kiss Saxophone, Flute: Frank Loef Recording of a concert&hellip;<\/p>\n<div class=\"read-more-wrap\"><a class=\"read-more\" href=\"https:\/\/ingridcaven.info\/en\/musik\/ingrid-caven-live-in-hamburg\/\">Read More<\/a><\/div>\n","protected":false},"author":1,"featured_media":0,"parent":230,"menu_order":0,"comment_status":"closed","ping_status":"closed","template":"","meta":{"footnotes":""},"class_list":["post-282","page","type-page","status-publish","hentry"],"translation":{"provider":"WPGlobus","version":"2.12.2","language":"en","enabled_languages":["de","fr","en"],"languages":{"de":{"title":true,"content":true,"excerpt":false},"fr":{"title":true,"content":true,"excerpt":false},"en":{"title":true,"content":true,"excerpt":false}}},"_links":{"self":[{"href":"https:\/\/ingridcaven.info\/en\/wp-json\/wp\/v2\/pages\/282","targetHints":{"allow":["GET"]}}],"collection":[{"href":"https:\/\/ingridcaven.info\/en\/wp-json\/wp\/v2\/pages"}],"about":[{"href":"https:\/\/ingridcaven.info\/en\/wp-json\/wp\/v2\/types\/page"}],"author":[{"embeddable":true,"href":"https:\/\/ingridcaven.info\/en\/wp-json\/wp\/v2\/users\/1"}],"replies":[{"embeddable":true,"href":"https:\/\/ingridcaven.info\/en\/wp-json\/wp\/v2\/comments?post=282"}],"version-history":[{"count":3,"href":"https:\/\/ingridcaven.info\/en\/wp-json\/wp\/v2\/pages\/282\/revisions"}],"predecessor-version":[{"id":391,"href":"https:\/\/ingridcaven.info\/en\/wp-json\/wp\/v2\/pages\/282\/revisions\/391"}],"up":[{"embeddable":true,"href":"https:\/\/ingridcaven.info\/en\/wp-json\/wp\/v2\/pages\/230"}],"wp:attachment":[{"href":"https:\/\/ingridcaven.info\/en\/wp-json\/wp\/v2\/media?parent=282"}],"curies":[{"name":"wp","href":"https:\/\/api.w.org\/{rel}","templated":true}]}}