{"id":285,"date":"2018-01-07T12:01:46","date_gmt":"2018-01-07T10:01:46","guid":{"rendered":"http:\/\/caven.roxomatix.de\/?page_id=285"},"modified":"2018-01-15T21:35:49","modified_gmt":"2018-01-15T19:35:49","slug":"ingrid-caven-chante-piaf-en-public","status":"publish","type":"page","link":"https:\/\/ingridcaven.info\/en\/musik\/ingrid-caven-chante-piaf-en-public\/","title":{"rendered":"INGRID CAVEN chante PIAF En Public"},"content":{"rendered":"<h1>INGRID CAVEN chante PIAF<br \/>\nEn Public<\/h1>\n<p>Singer: Ingrid Caven<br \/>\nProduction in co-operation with Pierre Berg\u00e9<br \/>\nArranged by Peer Raben<br \/>\nAll songs of this recording with the exception of \u201cInterview\u201d<br \/>\nwere created by Edith Piaf<\/p>\n<p>Ingrid Caven is accompanied by:<br \/>\nPiano: Jay Gottlieb<br \/>\nViolin: J\u00e9r\u00f4me Simon<br \/>\nSaxophone : Richard Foy<br \/>\nBass: Bob Drewry<br \/>\nPercussion: Alain Beghin<\/p>\n<p>The 12 songs on this recording are an excerpt of the show INGRID CAVEN presented in 1988 at the Th\u00e9\u00e2tre de l&#8217;Ath\u00e9n\u00e9e-Louis Jouvet, Paris.<\/p>\n<p>CD released by fpr music, Berlin, 2001<br \/>\nand available at <a href=\"http:\/\/www.amazon.de\/\">www.amazon.de <\/a><\/p>\n<p>Total duration: 39&#8217;36<\/p>\n<table class=\"top\" border=\"0\" width=\"426\" cellspacing=\"0\" cellpadding=\"0\">\n<tbody>\n<tr>\n<td width=\"27\"><strong>nr. <\/strong><\/td>\n<td width=\"277\"><strong>title<\/strong><\/td>\n<td width=\"53\"><\/td>\n<td width=\"69\">\n<div align=\"center\"><strong>sound clip<\/strong><\/div>\n<\/td>\n<\/tr>\n<tr>\n<td valign=\"top\">1<\/td>\n<td valign=\"top\">Non je ne regrette rien (2&#8217;30)<br \/>\n<em>(C. Dumont \/ M. Vaucaire) <\/em><\/td>\n<td valign=\"top\"><\/td>\n<td valign=\"top\">\n<div align=\"center\"><a title=\"Anspielen\" href=\"http:\/\/ingridcaven.info\/music\/ingrid_caven_non_je_ne_regrette_rien.mp3\" target=\"_blank\" rel=\"noopener\"><img decoding=\"async\" src=\"http:\/\/ingridcaven.info\/images\/_btn_music.gif\" alt=\"Anspielen\" border=\"0\" \/><\/a><\/div>\n<\/td>\n<\/tr>\n<tr>\n<td valign=\"top\">2<\/td>\n<td valign=\"top\">Hymne \u00e0 l&#8217;amour (2&#8217;57)<br \/>\n<em>(E. Piaf \/ M. Monnot)<\/em><\/td>\n<td valign=\"top\"><\/td>\n<td valign=\"top\">\n<div align=\"center\"><\/div>\n<\/td>\n<\/tr>\n<tr>\n<td valign=\"top\">3<\/td>\n<td valign=\"top\">Ich weiss genau (3&#8217;19)<br \/>\n<em>(J. Bouquet* \/ R. Chauvigny) <\/em><\/td>\n<td valign=\"top\"><\/td>\n<td valign=\"top\">\n<div align=\"center\"><a title=\"Anspielen\" href=\"http:\/\/ingridcaven.info\/music\/ingrid_caven_ich_weiss_genau.mp3\" target=\"_blank\" rel=\"noopener\"><img decoding=\"async\" src=\"http:\/\/ingridcaven.info\/images\/_btn_music.gif\" alt=\"Anspielen\" border=\"0\" \/><\/a><\/div>\n<\/td>\n<\/tr>\n<tr>\n<td valign=\"top\">4<\/td>\n<td valign=\"top\">Qu&#8217;il \u00e9tait triste cet anglais (4&#8217;10)<br \/>\n<em>(C. Dumont \/ L. Poterat) <\/em><\/td>\n<td valign=\"top\"><\/td>\n<td valign=\"top\"><\/td>\n<\/tr>\n<tr>\n<td valign=\"top\">5<\/td>\n<td valign=\"top\">Comme moi (3&#8217;02)<br \/>\n<em>(M. Monnot \/ C. Delecluse) <\/em><\/td>\n<td valign=\"top\"><\/td>\n<td valign=\"top\">\n<div align=\"center\"><\/div>\n<\/td>\n<\/tr>\n<tr>\n<td valign=\"top\">6<\/td>\n<td valign=\"top\">Der Fremde (3&#8217;12)<br \/>\n<em>(M. Monnot* \/ R. Malleron)<\/em><\/td>\n<td valign=\"top\"><\/td>\n<td valign=\"top\">\n<div align=\"center\"><\/div>\n<\/td>\n<\/tr>\n<tr>\n<td valign=\"top\">7<\/td>\n<td valign=\"top\">Interview d&#8217;Edith Piaf (5&#8217;50)<br \/>\n<em>(J.-J. Schuhl** \/ P. Raben)<\/em><\/td>\n<td valign=\"top\"><\/td>\n<td valign=\"top\">\n<div align=\"center\"><a title=\"Anspielen\" href=\"http:\/\/ingridcaven.info\/music\/ingrid_caven_interview_mit%20edith_piaf.mp3\" target=\"_blank\" rel=\"noopener\"><img decoding=\"async\" src=\"http:\/\/ingridcaven.info\/images\/_btn_music.gif\" alt=\"Anspielen\" border=\"0\" \/><\/a><\/div>\n<\/td>\n<\/tr>\n<tr>\n<td valign=\"top\">8<\/td>\n<td valign=\"top\">C&#8217;est peut-\u00eatre \u00e7\u00e0 (2&#8217;30)<br \/>\n<em>(C. Dumont \/ M. Vaucaire) <\/em><\/td>\n<td valign=\"top\"><\/td>\n<td valign=\"top\">\n<div align=\"center\"><\/div>\n<\/td>\n<\/tr>\n<tr>\n<td valign=\"top\">9<\/td>\n<td valign=\"top\">J\u00e9rusalem (3&#8217;51)<br \/>\n<em>(J. Moutet \/ R. Chabrier)<\/em><\/td>\n<td valign=\"top\"><\/td>\n<td valign=\"top\">\n<div align=\"center\"><\/div>\n<\/td>\n<\/tr>\n<tr>\n<td valign=\"top\">10<\/td>\n<td valign=\"top\">J&#8217;en ai tant vu (2&#8217;33)<br \/>\n<em>(M. Emer \/ R. Rouzaud) <\/em><\/td>\n<td valign=\"top\"><\/td>\n<td valign=\"top\">\n<div align=\"center\"><\/div>\n<\/td>\n<\/tr>\n<tr>\n<td valign=\"top\">11<\/td>\n<td valign=\"top\">C&#8217;est \u00e0 Hambourg (2&#8217;05)<br \/>\n<em>(M. Monnot \/ C. Delecluse)<\/em><\/td>\n<td valign=\"top\"><\/td>\n<td valign=\"top\">\n<div align=\"center\"><\/div>\n<\/td>\n<\/tr>\n<tr>\n<td valign=\"top\">12<\/td>\n<td valign=\"top\">La vie en rose (3&#8217;37)<br \/>\n<em>(E. Piaf \/ Louiguy)<\/em><\/td>\n<td valign=\"top\"><\/td>\n<td valign=\"top\">\n<div align=\"center\"><a title=\"Anspielen\" href=\"http:\/\/ingridcaven.info\/music\/ingrid_caven_la_vie_en_rose.mp3\" target=\"_blank\" rel=\"noopener\"><img decoding=\"async\" src=\"http:\/\/ingridcaven.info\/images\/_btn_music.gif\" alt=\"Anspielen\" border=\"0\" \/><\/a><\/div>\n<\/td>\n<\/tr>\n<\/tbody>\n<\/table>\n<p>* german translation: Hans und Herta Henneke<br \/>\n** based on statements by Edith Piaf<\/p>\n","protected":false},"excerpt":{"rendered":"<p>INGRID CAVEN chante PIAF En Public Singer: Ingrid Caven Production in co-operation with Pierre Berg\u00e9 Arranged by Peer Raben All songs of this recording with the exception of \u201cInterview\u201d were&hellip;<\/p>\n<div class=\"read-more-wrap\"><a class=\"read-more\" href=\"https:\/\/ingridcaven.info\/en\/musik\/ingrid-caven-chante-piaf-en-public\/\">Read More<\/a><\/div>\n","protected":false},"author":1,"featured_media":0,"parent":230,"menu_order":0,"comment_status":"closed","ping_status":"closed","template":"","meta":{"footnotes":""},"class_list":["post-285","page","type-page","status-publish","hentry"],"translation":{"provider":"WPGlobus","version":"2.12.2","language":"en","enabled_languages":["de","fr","en"],"languages":{"de":{"title":true,"content":true,"excerpt":false},"fr":{"title":true,"content":true,"excerpt":false},"en":{"title":true,"content":true,"excerpt":false}}},"_links":{"self":[{"href":"https:\/\/ingridcaven.info\/en\/wp-json\/wp\/v2\/pages\/285","targetHints":{"allow":["GET"]}}],"collection":[{"href":"https:\/\/ingridcaven.info\/en\/wp-json\/wp\/v2\/pages"}],"about":[{"href":"https:\/\/ingridcaven.info\/en\/wp-json\/wp\/v2\/types\/page"}],"author":[{"embeddable":true,"href":"https:\/\/ingridcaven.info\/en\/wp-json\/wp\/v2\/users\/1"}],"replies":[{"embeddable":true,"href":"https:\/\/ingridcaven.info\/en\/wp-json\/wp\/v2\/comments?post=285"}],"version-history":[{"count":3,"href":"https:\/\/ingridcaven.info\/en\/wp-json\/wp\/v2\/pages\/285\/revisions"}],"predecessor-version":[{"id":390,"href":"https:\/\/ingridcaven.info\/en\/wp-json\/wp\/v2\/pages\/285\/revisions\/390"}],"up":[{"embeddable":true,"href":"https:\/\/ingridcaven.info\/en\/wp-json\/wp\/v2\/pages\/230"}],"wp:attachment":[{"href":"https:\/\/ingridcaven.info\/en\/wp-json\/wp\/v2\/media?parent=285"}],"curies":[{"name":"wp","href":"https:\/\/api.w.org\/{rel}","templated":true}]}}