{"id":134,"date":"2017-10-16T18:53:03","date_gmt":"2017-10-16T18:53:03","guid":{"rendered":"http:\/\/caven.roxomatix.de\/?page_id=134"},"modified":"2018-03-29T13:14:32","modified_gmt":"2018-03-29T11:14:32","slug":"biografie","status":"publish","type":"page","link":"https:\/\/ingridcaven.info\/fr\/biografie\/","title":{"rendered":"C.V."},"content":{"rendered":"<p>Grande actrice de cin\u00e9ma ayant jou\u00e9 pour Fassbinder, <a href=\"http:\/\/www.daniel-schmid.com\" target=\"_blank\" rel=\"noopener\">Daniel Schmid<\/a> et Jean Eustache, grande com\u00e9dienne de th\u00e9\u00e2tre \u2013 Salom\u00e9 d&#8217;Oscar Wilde, Mademoiselle Julie de Strindberg, dans des mises en sc\u00e8ne de Werner Schroeter, Ingrid Caven est aussi une chanteuse qui alterne dans ses r\u00e9citals Kurt Weill, The Beatles, Erik Satie, John Cage, Pierre Henry, Sch\u00f6nberg ainsi que des textes \u00e9crits pour elle par Rainer Werner Fassbinder, Hans Magnus Enzensberger et Jean-Jacques Schuhl, ce dernier ayant obtenu en 2000 le Prix Goncourt pour un roman dont elle est l&#8217;h\u00e9ro\u00efne.<\/p>\n<p>Plus r\u00e9cemment , on peut l&#8217;entendre chanter des morceaux sp\u00e9cialement \u00e9crits par le compositeur <a href=\"http:\/\/www.osc-ars.com\" target=\"_blank\" rel=\"noopener\">Oscar Strasnoy<\/a>, ou une composition \u00e9lectronique r\u00e9alis\u00e9e \u00e0 partir de sa voix par Giuseppe Giuliano sur un fragment de Rose Poussi\u00e8re de Jean-Jacques Schuhl, ou bien des chansons \u00e9crites par Schuhl et <a href=\"http:\/\/www.peerraben.de\" target=\"_blank\" rel=\"noopener\">Peer Raben<\/a>, le compositeur des musiques de films de Fassbinder.<\/p>\n","protected":false},"excerpt":{"rendered":"<p>Grande actrice de cin\u00e9ma ayant jou\u00e9 pour Fassbinder, Daniel Schmid et Jean Eustache, grande com\u00e9dienne de th\u00e9\u00e2tre \u2013 Salom\u00e9 d&#8217;Oscar Wilde, Mademoiselle Julie de Strindberg, dans des mises en sc\u00e8ne&hellip;<\/p>\n<div class=\"read-more-wrap\"><a class=\"read-more\" href=\"https:\/\/ingridcaven.info\/fr\/biografie\/\">Read More<\/a><\/div>\n","protected":false},"author":1,"featured_media":0,"parent":0,"menu_order":0,"comment_status":"closed","ping_status":"closed","template":"","meta":{"footnotes":""},"class_list":["post-134","page","type-page","status-publish","hentry"],"translation":{"provider":"WPGlobus","version":"2.12.2","language":"fr","enabled_languages":["de","fr","en"],"languages":{"de":{"title":true,"content":true,"excerpt":false},"fr":{"title":true,"content":true,"excerpt":false},"en":{"title":true,"content":true,"excerpt":false}}},"_links":{"self":[{"href":"https:\/\/ingridcaven.info\/fr\/wp-json\/wp\/v2\/pages\/134","targetHints":{"allow":["GET"]}}],"collection":[{"href":"https:\/\/ingridcaven.info\/fr\/wp-json\/wp\/v2\/pages"}],"about":[{"href":"https:\/\/ingridcaven.info\/fr\/wp-json\/wp\/v2\/types\/page"}],"author":[{"embeddable":true,"href":"https:\/\/ingridcaven.info\/fr\/wp-json\/wp\/v2\/users\/1"}],"replies":[{"embeddable":true,"href":"https:\/\/ingridcaven.info\/fr\/wp-json\/wp\/v2\/comments?post=134"}],"version-history":[{"count":4,"href":"https:\/\/ingridcaven.info\/fr\/wp-json\/wp\/v2\/pages\/134\/revisions"}],"predecessor-version":[{"id":419,"href":"https:\/\/ingridcaven.info\/fr\/wp-json\/wp\/v2\/pages\/134\/revisions\/419"}],"wp:attachment":[{"href":"https:\/\/ingridcaven.info\/fr\/wp-json\/wp\/v2\/media?parent=134"}],"curies":[{"name":"wp","href":"https:\/\/api.w.org\/{rel}","templated":true}]}}