{"id":137,"date":"2017-10-16T18:56:35","date_gmt":"2017-10-16T18:56:35","guid":{"rendered":"http:\/\/caven.roxomatix.de\/?page_id=137"},"modified":"2018-01-07T13:16:48","modified_gmt":"2018-01-07T11:16:48","slug":"fassbinder","status":"publish","type":"page","link":"https:\/\/ingridcaven.info\/fr\/fassbinder\/","title":{"rendered":"Fassbinder"},"content":{"rendered":"<p>\u201cJ&#8217;\u00e9tais \u2018sa femme&#8217;. \u00c7a m&#8217;\u00e9tonnait toujours au d\u00e9but d&#8217;entendre ces deux mots quand il disait, tr\u00e8s petit-bourgeois, tr\u00e8s comme il faut: \u2018Je vous pr\u00e9sente ma femme &#8230;&#8217; \u00c7a en \u00e9tonnait d&#8217;autres d&#8217;ailleurs, mais c&#8217;\u00e9tait pas pareil: \u00e7a les faisait sourire, et cette esquisse de sourire-l\u00e0, je la connaissais, elle voulait dire: \u2018Un mariage entre une femme et un homosexuel, \u00e7a ne compte pas, c&#8217;est un mariage bidon.&#8217; C&#8217;\u00e9tait le sourire de ceux qui refusent la f\u00e9minit\u00e9 chez les hommes et ne pouvaient voir que, m\u00eame, seul un homosexuel peut aimer \u00e0 ce point une femme de fa\u00e7on exclusive. Non, pour ces gens, les plaisirs devaient \u00eatre simples et droits. Et ces deux-l\u00e0 justement essayaient de composer quelque chose d&#8217;autre, de se r\u00e9inventer quelque peu, se reconstruire. Il faut dire qu&#8217;avec les ruines de l&#8217;Allemagne, et eux en ruine corps et \u00e2me, ils partaient avec un certain avantage, c&#8217;est-\u00e0-dire de z\u00e9ro, moins que z\u00e9ro, c&#8217;est \u00e7a l&#8217;int\u00e9r\u00eat des guerres, des maladies, comme disait leur po\u00e8te philosophe, celui qui, \u00e0 la fin, aimait bien parler \u00e0 l&#8217;oreille des chevaux: L\u00e0 o\u00f9 il n&#8217;y a pas de ruines, il n&#8217;y a pas de r\u00e9surrection.\u201d*<br \/>\n*Jean-Jacques Schuhl, \u201cIngrid Caven\u201d, Gallimard<img loading=\"lazy\" decoding=\"async\" class=\"alignright wp-image-334 size-full\" src=\"http:\/\/caven.roxomatix.de\/wp-content\/uploads\/2018\/01\/bg_ver_mund.jpg\" alt=\"\" width=\"272\" height=\"467\" srcset=\"https:\/\/ingridcaven.info\/wp-content\/uploads\/2018\/01\/bg_ver_mund.jpg 272w, https:\/\/ingridcaven.info\/wp-content\/uploads\/2018\/01\/bg_ver_mund-175x300.jpg 175w\" sizes=\"auto, (max-width: 272px) 100vw, 272px\" \/><\/p>\n<p>\u201cUn long m\u00e9trage, moi comme seule vedette! Un r\u00f4le de r\u00eave! En or, m\u00eame. J&#8217;ai h\u00e9sit\u00e9 beaucoup: je savais que le film \u00e9tait un pr\u00e9texte pour \u00eatre \u00e0 nouveau avec moi. Si j&#8217;avais voulu faire carri\u00e8re \u2013 mais le chant m&#8217;avait \u00e9t\u00e9 donn\u00e9 au d\u00e9part, d\u00e8s l&#8217;enfance, comme une gr\u00e2ce, tr\u00e8s tr\u00e8s jeune, retourn\u00e9e, en offrande, \u00e0 Dieu \u2014, j&#8217;aurais accept\u00e9, il \u00e9tait d\u00e9j\u00e0 c\u00e9l\u00e8bre \u00e0 ce moment-l\u00e0, mais, je sais, \u00e0 Las Vegas, il m&#8217;aurait demand\u00e9 d&#8217;\u00eatre \u00e0 nouveau sa femme et, \u00e0 un moment ou \u00e0 un autre, en un point du globe, je l&#8217;aurais quitt\u00e9 au milieu de la chanson, ou alors<br \/>\npeut-\u00eatre \u00e0 la fin de la chanson, et je ne voulais pas me servir de lui, nos rapports n&#8217;avaient jamais \u00e9t\u00e9 de cet ordre, nous aimions l&#8217;artifice et la dr\u00f4lerie, pas la carri\u00e8re.\u201d*<\/p>\n<p>*Jean-Jacques Schuhl, \u201cIngrid Caven\u201d, Gallimard<\/p>\n","protected":false},"excerpt":{"rendered":"<p>\u201cJ&#8217;\u00e9tais \u2018sa femme&#8217;. \u00c7a m&#8217;\u00e9tonnait toujours au d\u00e9but d&#8217;entendre ces deux mots quand il disait, tr\u00e8s petit-bourgeois, tr\u00e8s comme il faut: \u2018Je vous pr\u00e9sente ma femme &#8230;&#8217; \u00c7a en \u00e9tonnait&hellip;<\/p>\n<div class=\"read-more-wrap\"><a class=\"read-more\" href=\"https:\/\/ingridcaven.info\/fr\/fassbinder\/\">Read More<\/a><\/div>\n","protected":false},"author":1,"featured_media":0,"parent":0,"menu_order":0,"comment_status":"closed","ping_status":"closed","template":"","meta":{"footnotes":""},"class_list":["post-137","page","type-page","status-publish","hentry"],"translation":{"provider":"WPGlobus","version":"2.12.2","language":"fr","enabled_languages":["de","fr","en"],"languages":{"de":{"title":true,"content":true,"excerpt":false},"fr":{"title":true,"content":true,"excerpt":false},"en":{"title":true,"content":true,"excerpt":false}}},"_links":{"self":[{"href":"https:\/\/ingridcaven.info\/fr\/wp-json\/wp\/v2\/pages\/137","targetHints":{"allow":["GET"]}}],"collection":[{"href":"https:\/\/ingridcaven.info\/fr\/wp-json\/wp\/v2\/pages"}],"about":[{"href":"https:\/\/ingridcaven.info\/fr\/wp-json\/wp\/v2\/types\/page"}],"author":[{"embeddable":true,"href":"https:\/\/ingridcaven.info\/fr\/wp-json\/wp\/v2\/users\/1"}],"replies":[{"embeddable":true,"href":"https:\/\/ingridcaven.info\/fr\/wp-json\/wp\/v2\/comments?post=137"}],"version-history":[{"count":4,"href":"https:\/\/ingridcaven.info\/fr\/wp-json\/wp\/v2\/pages\/137\/revisions"}],"predecessor-version":[{"id":368,"href":"https:\/\/ingridcaven.info\/fr\/wp-json\/wp\/v2\/pages\/137\/revisions\/368"}],"wp:attachment":[{"href":"https:\/\/ingridcaven.info\/fr\/wp-json\/wp\/v2\/media?parent=137"}],"curies":[{"name":"wp","href":"https:\/\/api.w.org\/{rel}","templated":true}]}}