{"id":285,"date":"2018-01-07T12:01:46","date_gmt":"2018-01-07T10:01:46","guid":{"rendered":"http:\/\/caven.roxomatix.de\/?page_id=285"},"modified":"2018-01-15T21:35:49","modified_gmt":"2018-01-15T19:35:49","slug":"ingrid-caven-chante-piaf-en-public","status":"publish","type":"page","link":"https:\/\/ingridcaven.info\/fr\/musik\/ingrid-caven-chante-piaf-en-public\/","title":{"rendered":"INGRID CAVEN chante PIAF En Public"},"content":{"rendered":"<h1>INGRID CAVEN chante PIAF<br \/>\nEn Public<\/h1>\n<p>Chant: Ingrid Caven<br \/>\nProduit avec la collaboration de Pierre Berg\u00e9<br \/>\nArrangements: Peer Raben<br \/>\nToutes les chansons de cet album, \u00e0 l&#8217;exception d&#8217; &#8220;Interview&#8221;, ont \u00e9t\u00e9 cr\u00e9\u00e9es par Edith Piaf<\/p>\n<p>Ingrid Caven est accompagn\u00e9e par:<br \/>\nPiano: Jay Gottlieb<br \/>\nViolon: J\u00e9r\u00f4me Simon<br \/>\nSaxophone: Richard Foy<br \/>\nBasse: Bob Drewry<br \/>\nPercussions: Alain Beghin<\/p>\n<p>Ces 12 chansons font partie du Spectacle INGRID CAVEN au Th\u00e9\u00e2tre de l&#8217;Ath\u00e9n\u00e9e-Louis Jouvet \u00e0 Paris, 1988.<br \/>\nCD paru chez fpr music, Berlin, 2001<br \/>\net en vente chez <a href=\"http:\/\/www.amazon.de\/exec\/obidos\/external-search\/303-3491533-1834636?field-keywords=ingrid+caven&amp;mode=blended&amp;tag=mozilla-20&amp;sourceid=Mozilla-search\" target=\"_blank\" rel=\"noopener\">www.amazon.de<\/a><\/p>\n<p>Dur\u00e9e totale: 39&#8217;36<\/p>\n<table class=\"top\" border=\"0\" width=\"426\" cellspacing=\"0\" cellpadding=\"0\">\n<tbody>\n<tr>\n<td valign=\"top\" width=\"25\"><strong>N\u00b0<\/strong><\/td>\n<td valign=\"top\" width=\"290\"><strong>Titre<\/strong><\/td>\n<td valign=\"top\" width=\"46\"><\/td>\n<td valign=\"top\" width=\"65\">\n<div align=\"center\"><strong>Extrait<br \/>\nmusical <\/strong><\/div>\n<\/td>\n<\/tr>\n<tr>\n<td valign=\"top\">1<\/td>\n<td valign=\"top\">Non je ne regrette rien (2&#8217;30)<br \/>\n<em>(C. Dumont \/ M. Vaucaire) <\/em><\/td>\n<td valign=\"top\"><\/td>\n<td valign=\"top\">\n<div align=\"center\"><a title=\"Anspielen\" href=\"http:\/\/ingridcaven.info\/music\/ingrid_caven_non_je_ne_regrette_rien.mp3\" target=\"_blank\" rel=\"noopener\"><img decoding=\"async\" src=\"http:\/\/ingridcaven.info\/images\/_btn_music.gif\" alt=\"Anspielen\" border=\"0\" \/><\/a><\/div>\n<\/td>\n<\/tr>\n<tr>\n<td valign=\"top\">2<\/td>\n<td valign=\"top\">Hymne \u00e0 l&#8217;amour (2&#8217;57)<br \/>\n<em>(E. Piaf \/ M. Monnot)<\/em><\/td>\n<td valign=\"top\"><\/td>\n<td valign=\"top\">\n<div align=\"center\"><\/div>\n<\/td>\n<\/tr>\n<tr>\n<td valign=\"top\">3<\/td>\n<td valign=\"top\">Ich weiss genau (3&#8217;19)<br \/>\n<em>(J. Bouquet* \/ R. Chauvigny) <\/em><\/td>\n<td valign=\"top\"><\/td>\n<td valign=\"top\">\n<div align=\"center\"><a title=\"Anspielen\" href=\"http:\/\/ingridcaven.info\/music\/ingrid_caven_ich_weiss_genau.mp3\" target=\"_blank\" rel=\"noopener\"><img decoding=\"async\" src=\"http:\/\/ingridcaven.info\/images\/_btn_music.gif\" alt=\"Anspielen\" border=\"0\" \/><\/a><\/div>\n<\/td>\n<\/tr>\n<tr>\n<td valign=\"top\">4<\/td>\n<td valign=\"top\">Qu&#8217;il \u00e9tait triste cet anglais (4&#8217;10)<br \/>\n<em>(C. Dumont \/ L. Poterat) <\/em><\/td>\n<td valign=\"top\"><\/td>\n<td valign=\"top\"><\/td>\n<\/tr>\n<tr>\n<td valign=\"top\">5<\/td>\n<td valign=\"top\">Comme moi (3&#8217;02)<br \/>\n<em>(M. Monnot \/ C. Delecluse) <\/em><\/td>\n<td valign=\"top\"><\/td>\n<td valign=\"top\">\n<div align=\"center\"><\/div>\n<\/td>\n<\/tr>\n<tr>\n<td valign=\"top\">6<\/td>\n<td valign=\"top\">Der Fremde (3&#8217;12)<br \/>\n<em>(M. Monnot* \/ R. Malleron)<\/em><\/td>\n<td valign=\"top\"><\/td>\n<td valign=\"top\">\n<div align=\"center\"><\/div>\n<\/td>\n<\/tr>\n<tr>\n<td valign=\"top\">7<\/td>\n<td valign=\"top\">Interview d&#8217;Edith Piaf (5&#8217;50)<br \/>\n<em>(J.-J. Schuhl** \/ P. Raben)<\/em><\/td>\n<td valign=\"top\"><\/td>\n<td valign=\"top\">\n<div align=\"center\"><a title=\"Anspielen\" href=\"http:\/\/ingridcaven.info\/music\/ingrid_caven_interview_mit%20edith_piaf.mp3\" target=\"_blank\" rel=\"noopener\"><img decoding=\"async\" src=\"http:\/\/ingridcaven.info\/images\/_btn_music.gif\" alt=\"Anspielen\" border=\"0\" \/><\/a><\/div>\n<\/td>\n<\/tr>\n<tr>\n<td valign=\"top\">8<\/td>\n<td valign=\"top\">C&#8217;est peut-\u00eatre \u00e7\u00e0 (2&#8217;30)<br \/>\n<em>(C. Dumont \/ M. Vaucaire) <\/em><\/td>\n<td valign=\"top\"><\/td>\n<td valign=\"top\">\n<div align=\"center\"><\/div>\n<\/td>\n<\/tr>\n<tr>\n<td valign=\"top\">9<\/td>\n<td valign=\"top\">J\u00e9rusalem (3&#8217;51)<br \/>\n<em>(J. Moutet \/ R. Chabrier)<\/em><\/td>\n<td valign=\"top\">\n<div align=\"center\"><\/div>\n<\/td>\n<td valign=\"top\">\n<div align=\"center\"><\/div>\n<\/td>\n<\/tr>\n<tr>\n<td valign=\"top\">10<\/td>\n<td valign=\"top\">J&#8217;en ai tant vu (2&#8217;33)<br \/>\n<em>(M. Emer \/ R. Rouzaud) <\/em><\/td>\n<td valign=\"top\">\n<div align=\"center\"><\/div>\n<\/td>\n<td valign=\"top\">\n<div align=\"center\"><\/div>\n<\/td>\n<\/tr>\n<tr>\n<td valign=\"top\">11<\/td>\n<td valign=\"top\">C&#8217;est \u00e0 Hambourg (2&#8217;05)<br \/>\n<em>(M. Monnot \/ C. Delecluse)<\/em><\/td>\n<td valign=\"top\"><\/td>\n<td valign=\"top\">\n<div align=\"center\"><\/div>\n<\/td>\n<\/tr>\n<tr>\n<td valign=\"top\">12<\/td>\n<td valign=\"top\">La vie en rose (3&#8217;37)<br \/>\n<em>(E. Piaf \/ Louiguy)<\/em><\/td>\n<td valign=\"top\"><\/td>\n<td valign=\"top\">\n<div align=\"center\"><a title=\"Anspielen\" href=\"http:\/\/ingridcaven.info\/music\/ingrid_caven_la_vie_en_rose.mp3\" target=\"_blank\" rel=\"noopener\"><img decoding=\"async\" src=\"http:\/\/ingridcaven.info\/images\/_btn_music.gif\" alt=\"Anspielen\" border=\"0\" \/><\/a><\/div>\n<\/td>\n<\/tr>\n<\/tbody>\n<\/table>\n<p>* Traduction de l&#8217;Allemand: Hans et Herta Henneke<br \/>\n** bas\u00e8 sur des r\u00e9ponses de Edith Piaf<\/p>\n","protected":false},"excerpt":{"rendered":"<p>INGRID CAVEN chante PIAF En Public Chant: Ingrid Caven Produit avec la collaboration de Pierre Berg\u00e9 Arrangements: Peer Raben Toutes les chansons de cet album, \u00e0 l&#8217;exception d&#8217; &#8220;Interview&#8221;, ont&hellip;<\/p>\n<div class=\"read-more-wrap\"><a class=\"read-more\" href=\"https:\/\/ingridcaven.info\/fr\/musik\/ingrid-caven-chante-piaf-en-public\/\">Read More<\/a><\/div>\n","protected":false},"author":1,"featured_media":0,"parent":230,"menu_order":0,"comment_status":"closed","ping_status":"closed","template":"","meta":{"footnotes":""},"class_list":["post-285","page","type-page","status-publish","hentry"],"translation":{"provider":"WPGlobus","version":"2.12.2","language":"fr","enabled_languages":["de","fr","en"],"languages":{"de":{"title":true,"content":true,"excerpt":false},"fr":{"title":true,"content":true,"excerpt":false},"en":{"title":true,"content":true,"excerpt":false}}},"_links":{"self":[{"href":"https:\/\/ingridcaven.info\/fr\/wp-json\/wp\/v2\/pages\/285","targetHints":{"allow":["GET"]}}],"collection":[{"href":"https:\/\/ingridcaven.info\/fr\/wp-json\/wp\/v2\/pages"}],"about":[{"href":"https:\/\/ingridcaven.info\/fr\/wp-json\/wp\/v2\/types\/page"}],"author":[{"embeddable":true,"href":"https:\/\/ingridcaven.info\/fr\/wp-json\/wp\/v2\/users\/1"}],"replies":[{"embeddable":true,"href":"https:\/\/ingridcaven.info\/fr\/wp-json\/wp\/v2\/comments?post=285"}],"version-history":[{"count":3,"href":"https:\/\/ingridcaven.info\/fr\/wp-json\/wp\/v2\/pages\/285\/revisions"}],"predecessor-version":[{"id":390,"href":"https:\/\/ingridcaven.info\/fr\/wp-json\/wp\/v2\/pages\/285\/revisions\/390"}],"up":[{"embeddable":true,"href":"https:\/\/ingridcaven.info\/fr\/wp-json\/wp\/v2\/pages\/230"}],"wp:attachment":[{"href":"https:\/\/ingridcaven.info\/fr\/wp-json\/wp\/v2\/media?parent=285"}],"curies":[{"name":"wp","href":"https:\/\/api.w.org\/{rel}","templated":true}]}}